{"id":2664,"date":"2021-04-19T11:56:16","date_gmt":"2021-04-19T11:56:16","guid":{"rendered":"https:\/\/stage.startertemplatecloud.com\/g04\/?page_id=2664"},"modified":"2023-10-09T18:25:51","modified_gmt":"2023-10-09T18:25:51","slug":"contactenos","status":"publish","type":"page","link":"https:\/\/www.yuxtaenergy.cr\/en\/contactenos\/","title":{"rendered":"Cont\u00e1ctenos"},"content":{"rendered":"<style>.kb-row-layout-id4367_02ff55-08 > .kt-row-column-wrap{align-content:start;}:where(.kb-row-layout-id4367_02ff55-08 > .kt-row-column-wrap) > .wp-block-kadence-column{justify-content:start;}.kb-row-layout-id4367_02ff55-08 > .kt-row-column-wrap{column-gap:var(--global-kb-gap-md, 2rem);row-gap:var(--global-kb-gap-md, 2rem);padding-top:var(--global-kb-spacing-sm, 1.5rem);padding-bottom:var(--global-kb-spacing-sm, 1.5rem);grid-template-columns:minmax(0, 1fr);}.kb-row-layout-id4367_02ff55-08{border-top:15px solid #66caff;}.kb-row-layout-id4367_02ff55-08{background-image:url('https:\/\/www.yuxtaenergy.cr\/wp-content\/uploads\/2022\/03\/Contactenos-BG.png');background-size:cover;background-position:50% 50%;background-attachment:scroll;background-repeat:no-repeat;}.kb-row-layout-id4367_02ff55-08 > .kt-row-layout-overlay{opacity:0.30;}@media all and (max-width: 1024px){.kb-row-layout-id4367_02ff55-08 > .kt-row-column-wrap{grid-template-columns:minmax(0, 1fr);}}@media all and (max-width: 1024px){.kb-row-layout-id4367_02ff55-08{border-top:15px solid #66caff;}}@media all and (max-width: 767px){.kb-row-layout-id4367_02ff55-08 > .kt-row-column-wrap{grid-template-columns:minmax(0, 1fr);}.kb-row-layout-id4367_02ff55-08{border-top:15px solid #66caff;}}<\/style><div class=\"kb-row-layout-wrap kb-row-layout-id4367_02ff55-08 alignnone kt-row-has-bg wp-block-kadence-rowlayout\"><div class=\"kt-row-column-wrap kt-has-1-columns kt-row-layout-equal kt-tab-layout-inherit kt-mobile-layout-row kt-row-valign-top\">\n<style>.kadence-column4367_7613f4-3d > .kt-inside-inner-col,.kadence-column4367_7613f4-3d > .kt-inside-inner-col:before{border-top-left-radius:0px;border-top-right-radius:0px;border-bottom-right-radius:0px;border-bottom-left-radius:0px;}.kadence-column4367_7613f4-3d > .kt-inside-inner-col{column-gap:var(--global-kb-gap-sm, 1rem);}.kadence-column4367_7613f4-3d > .kt-inside-inner-col{flex-direction:column;}.kadence-column4367_7613f4-3d > .kt-inside-inner-col > .aligncenter{width:100%;}.kadence-column4367_7613f4-3d > .kt-inside-inner-col:before{opacity:0.3;}.kadence-column4367_7613f4-3d{position:relative;}@media all and (max-width: 1024px){.kadence-column4367_7613f4-3d > .kt-inside-inner-col{flex-direction:column;justify-content:center;}}@media all and (max-width: 767px){.kadence-column4367_7613f4-3d > .kt-inside-inner-col{flex-direction:column;justify-content:center;}}<\/style>\n<div class=\"wp-block-kadence-column kadence-column4367_7613f4-3d inner-column-1\"><div class=\"kt-inside-inner-col\"><style>.wp-block-kadence-advancedheading.kt-adv-heading4367_15b9d4-d1, .wp-block-kadence-advancedheading.kt-adv-heading4367_15b9d4-d1[data-kb-block=\"kb-adv-heading4367_15b9d4-d1\"]{font-style:normal;color:#ffffff;}.wp-block-kadence-advancedheading.kt-adv-heading4367_15b9d4-d1 mark.kt-highlight, .wp-block-kadence-advancedheading.kt-adv-heading4367_15b9d4-d1[data-kb-block=\"kb-adv-heading4367_15b9d4-d1\"] mark.kt-highlight{font-style:normal;color:#f76a0c;-webkit-box-decoration-break:clone;box-decoration-break:clone;padding-top:0px;padding-right:0px;padding-bottom:0px;padding-left:0px;}<\/style>\n<h2 class=\"kt-adv-heading4367_15b9d4-d1 title_servicios wp-block-kadence-advancedheading\" data-kb-block=\"kb-adv-heading4367_15b9d4-d1\"><strong>CONTACT US<\/strong><\/h2>\n<\/div><\/div>\n\n<\/div><\/div>\n\n\n<figure class=\"wp-block-image size-thumbnail btn_wt\"><a href=\"https:\/\/wa.me\/50670768732\"><img decoding=\"async\" width=\"150\" height=\"150\" src=\"https:\/\/www.yuxtaenergy.cr\/wp-content\/uploads\/2022\/03\/WhatsApp-Logo.wine_-150x150.png\" alt=\"\" class=\"wp-image-4784\"\/><\/a><\/figure>\n\n\n<style>.kb-row-layout-id2664_ace41d-5c > .kt-row-column-wrap{align-content:start;}:where(.kb-row-layout-id2664_ace41d-5c > .kt-row-column-wrap) > .wp-block-kadence-column{justify-content:start;}.kb-row-layout-id2664_ace41d-5c > .kt-row-column-wrap{column-gap:var(--global-kb-gap-md, 2rem);row-gap:var(--global-kb-gap-md, 2rem);padding-top:var(--global-kb-spacing-sm, 1.5rem);padding-bottom:var(--global-kb-spacing-sm, 1.5rem);grid-template-columns:minmax(0, 1fr);}.kb-row-layout-id2664_ace41d-5c > .kt-row-layout-overlay{opacity:0.30;}@media all and (max-width: 1024px){.kb-row-layout-id2664_ace41d-5c > .kt-row-column-wrap{grid-template-columns:minmax(0, 1fr);}}@media all and (max-width: 767px){.kb-row-layout-id2664_ace41d-5c > .kt-row-column-wrap{grid-template-columns:minmax(0, 1fr);}}.kb-row-layout-id2664_ace41d-5c {padding-top: 0px;padding-bottom: 0px;max-width: 1140px;margin-left: auto;margin-right: auto;}<\/style><div class=\"kb-row-layout-wrap kb-row-layout-id2664_ace41d-5c alignnone wp-block-kadence-rowlayout\"><div class=\"kt-row-column-wrap kt-has-1-columns kt-row-layout-equal kt-tab-layout-inherit kt-mobile-layout-row kt-row-valign-top\">\n<style>.kadence-column2664_3e0c25-33 > .kt-inside-inner-col,.kadence-column2664_3e0c25-33 > .kt-inside-inner-col:before{border-top-left-radius:0px;border-top-right-radius:0px;border-bottom-right-radius:0px;border-bottom-left-radius:0px;}.kadence-column2664_3e0c25-33 > .kt-inside-inner-col{column-gap:var(--global-kb-gap-sm, 1rem);}.kadence-column2664_3e0c25-33 > .kt-inside-inner-col{flex-direction:column;}.kadence-column2664_3e0c25-33 > .kt-inside-inner-col > .aligncenter{width:100%;}.kadence-column2664_3e0c25-33 > .kt-inside-inner-col:before{opacity:0.3;}.kadence-column2664_3e0c25-33{position:relative;}@media all and (max-width: 1024px){.kadence-column2664_3e0c25-33 > .kt-inside-inner-col{flex-direction:column;justify-content:center;}}@media all and (max-width: 767px){.kadence-column2664_3e0c25-33 > .kt-inside-inner-col{flex-direction:column;justify-content:center;}}<\/style>\n<div class=\"wp-block-kadence-column kadence-column2664_3e0c25-33 inner-column-1\"><div class=\"kt-inside-inner-col\"><style>.wp-block-kadence-advancedheading.kt-adv-heading2664_9a37ee-42, .wp-block-kadence-advancedheading.kt-adv-heading2664_9a37ee-42[data-kb-block=\"kb-adv-heading2664_9a37ee-42\"]{text-align:center;font-style:normal;}.wp-block-kadence-advancedheading.kt-adv-heading2664_9a37ee-42 mark.kt-highlight, .wp-block-kadence-advancedheading.kt-adv-heading2664_9a37ee-42[data-kb-block=\"kb-adv-heading2664_9a37ee-42\"] mark.kt-highlight{font-style:normal;color:#f76a0c;-webkit-box-decoration-break:clone;box-decoration-break:clone;padding-top:0px;padding-right:0px;padding-bottom:0px;padding-left:0px;}<\/style>\n<h2 class=\"kt-adv-heading2664_9a37ee-42 wp-block-kadence-advancedheading\" data-kb-block=\"kb-adv-heading2664_9a37ee-42\"><strong>Help the environment and <\/strong><br><strong>save money at the same time!<\/strong><\/h2>\n\n\n\n<h4 class=\"wp-block-heading has-text-align-center\">For 11 years we have been working with solar energy and energy-saving projects<\/h4>\n\n\n\n<p class=\"has-text-align-center\"><\/p>\n<\/div><\/div>\n\n<\/div><\/div>\n\n\n<center><h5>Get a free quote for your project. Fill in the information:<\/h5>\n\n<style>\ninput{\nwidth:60%;\ndisplay:inline;\npadding: 20px;\nmargin: 20px;\nborder-radius:50px;\n}\n\n#btnEnviar{\nbackground-color:green;\nwidth:30%;\n}\n#btnEnviar:hover{\nbackground-color:#055912;\nwidth:30%;\n}\n\n\nselect{\nwidth:50%;\ndisplay:inline;\npadding: 20px;\nmargin: 20px;\n}\n<\/style>\n<script src=\"https:\/\/common.olemiss.edu\/_js\/sweet-alert\/sweet-alert.min.js\"><\/script>\n<link rel=\"stylesheet\" type=\"text\/css\" href=\"https:\/\/common.olemiss.edu\/_js\/sweet-alert\/sweet-alert.css\">\n<hr>\n<form class=\"form-group\" name=\"insightly_web_to_lead\" action=\"https:\/\/crm.na1.insightly.com\/WebToLead\/Create\" method=\"post\" onsubmit=\"return exito();\"><input type=\"hidden\" name=\"formId\" value=\"iDRqxdb6cTvxq6K+LnP0+g==\" \/>\n    \n    <input class=\"form-control\" id=\"insightly_firstName\" name=\"FirstName\" type=\"text\" placeholder=\"Name\" required><br\/>\n    \n    <input id=\"insightly_lastName\" name=\"LastName\" type=\"text\" placeholder =\"Last Name\" required><br\/>\n    <input id=\"insightly_Email_Correcto__c\" name=\"Email_Correcto__c\" type=\"text\" placeholder =\"Email\" required><br\/>\n    <input id=\"insightly_Phone\" name=\"phone\" type=\"text\" placeholder =\"Phone\" required><br\/>\n<label for=\"insightly_L_monto_de_la_factura__c\">Monthly Electricity Expense <\/label><br\/>\n<select id=\"insightly_L_monto_de_la_factura__c\" name=\"L_monto_de_la_factura__c\" required>\n    <option value=\"\">Not Selected<\/option>\n    <option value=\"Menos de &#162;200.000\">Less than \u00a2200,000<\/option>\n    <option value=\"Entre &#162;200.000 y &#162;1.500.000\">Between \u00a2200,000 and \u00a21,500,000<\/option>\n    <option value=\"M&#225;s de &#162;1.500.000\">More than \u00a21,500,000<\/option>\n    <option value=\"Menos de &#162;200.000 ATENCI&#211;N YUXTA\">Less than \u00a2200,000<\/option>\n<\/select><br\/><input type=\"hidden\" id=\"insightly_ResponsibleUser\" name=\"ResponsibleUser\" value=\"761382\"\/><input type=\"hidden\" id=\"insightly_LeadSource\" name=\"LeadSource\" value=\"819104\"\/><input type=\"submit\" id=\"btnEnviar\" value=\"Send\"><\/form>\n\n<hr>\n\n<script type=text\/javascript>\nfunction exito() {\n  swal(\"\u00a1Datos enviados!\", \"Pronto nos pondremos en contacto\", \"success\");\n}\n<\/script>\n\n<\/center>\n\n\n\n<h5 class=\"wp-block-heading has-text-align-center\">What benefits will you have with a solar panel system?<\/h5>\n\n\n\n<div style=\"height:22px\" aria-hidden=\"true\" class=\"wp-block-spacer\"><\/div>\n\n\n<style>.kadence-column2664_59efba-17 > .kt-inside-inner-col,.kadence-column2664_59efba-17 > .kt-inside-inner-col:before{border-top-left-radius:0px;border-top-right-radius:0px;border-bottom-right-radius:0px;border-bottom-left-radius:0px;}.kadence-column2664_59efba-17 > .kt-inside-inner-col{column-gap:var(--global-kb-gap-sm, 1rem);}.kadence-column2664_59efba-17 > .kt-inside-inner-col{flex-direction:column;}.kadence-column2664_59efba-17 > .kt-inside-inner-col > .aligncenter{width:100%;}.kadence-column2664_59efba-17 > .kt-inside-inner-col:before{opacity:0.3;}.kadence-column2664_59efba-17{position:relative;}@media all and (max-width: 1024px){.kadence-column2664_59efba-17 > .kt-inside-inner-col{flex-direction:column;justify-content:center;}}@media all and (max-width: 767px){.kadence-column2664_59efba-17 > .kt-inside-inner-col{flex-direction:column;justify-content:center;}}<\/style>\n<div class=\"wp-block-kadence-column kadence-column2664_59efba-17\"><div class=\"kt-inside-inner-col\"><style>.kadence-column2664_6a1e5a-05 > .kt-inside-inner-col,.kadence-column2664_6a1e5a-05 > .kt-inside-inner-col:before{border-top-left-radius:0px;border-top-right-radius:0px;border-bottom-right-radius:0px;border-bottom-left-radius:0px;}.kadence-column2664_6a1e5a-05 > .kt-inside-inner-col{column-gap:var(--global-kb-gap-sm, 1rem);}.kadence-column2664_6a1e5a-05 > .kt-inside-inner-col{flex-direction:column;}.kadence-column2664_6a1e5a-05 > .kt-inside-inner-col > .aligncenter{width:100%;}.kadence-column2664_6a1e5a-05 > .kt-inside-inner-col:before{opacity:0.3;}.kadence-column2664_6a1e5a-05{position:relative;}@media all and (max-width: 1024px){.kadence-column2664_6a1e5a-05 > .kt-inside-inner-col{flex-direction:column;justify-content:center;}}@media all and (max-width: 767px){.kadence-column2664_6a1e5a-05 > .kt-inside-inner-col{flex-direction:column;justify-content:center;}}<\/style>\n<div class=\"wp-block-kadence-column kadence-column2664_6a1e5a-05\"><div class=\"kt-inside-inner-col\">\n<div class=\"wp-block-columns is-layout-flex wp-container-core-columns-is-layout-9d6595d7 wp-block-columns-is-layout-flex\">\n<div class=\"wp-block-column is-layout-flow wp-block-column-is-layout-flow\"><style>.kb-image2664_356d86-f1.kb-image-is-ratio-size, .kb-image2664_356d86-f1 .kb-image-is-ratio-size{max-width:92px;width:100%;}.wp-block-kadence-column > .kt-inside-inner-col > .kb-image2664_356d86-f1.kb-image-is-ratio-size, .wp-block-kadence-column > .kt-inside-inner-col > .kb-image2664_356d86-f1 .kb-image-is-ratio-size{align-self:unset;}.kb-image2664_356d86-f1 figure{max-width:92px;}.kb-image2664_356d86-f1 .image-is-svg, .kb-image2664_356d86-f1 .image-is-svg img{width:100%;}.kb-image2664_356d86-f1 .kb-image-has-overlay:after{opacity:0.3;}<\/style>\n<div class=\"wp-block-kadence-image kb-image2664_356d86-f1\"><figure class=\"aligncenter size-full\"><img decoding=\"async\" width=\"221\" height=\"193\" src=\"https:\/\/www.yuxtaenergy.cr\/wp-content\/uploads\/2022\/03\/nosotros_icon_paneles.png\" alt=\"\" class=\"kb-img wp-image-4232\"\/><\/figure><\/div>\n\n\n\n<p class=\"has-text-align-center\"><strong>Steady power despite power outages<\/strong><\/p>\n<\/div>\n\n\n\n<div class=\"wp-block-column is-layout-flow wp-block-column-is-layout-flow\"><style>.kb-image2664_95c5ec-d8.kb-image-is-ratio-size, .kb-image2664_95c5ec-d8 .kb-image-is-ratio-size{max-width:92px;width:100%;}.wp-block-kadence-column > .kt-inside-inner-col > .kb-image2664_95c5ec-d8.kb-image-is-ratio-size, .wp-block-kadence-column > .kt-inside-inner-col > .kb-image2664_95c5ec-d8 .kb-image-is-ratio-size{align-self:unset;}.kb-image2664_95c5ec-d8 figure{max-width:92px;}.kb-image2664_95c5ec-d8 .image-is-svg, .kb-image2664_95c5ec-d8 .image-is-svg img{width:100%;}.kb-image2664_95c5ec-d8 .kb-image-has-overlay:after{opacity:0.3;}<\/style>\n<div class=\"wp-block-kadence-image kb-image2664_95c5ec-d8\"><figure class=\"aligncenter size-full\"><img decoding=\"async\" width=\"221\" height=\"193\" src=\"https:\/\/www.yuxtaenergy.cr\/wp-content\/uploads\/2022\/03\/nosotros_icon_proyectos.png\" alt=\"\" class=\"kb-img wp-image-4233\"\/><\/figure><\/div>\n\n\n\n<p class=\"has-text-align-center\"><strong>Increases the value of the property<\/strong><\/p>\n<\/div>\n\n\n\n<div class=\"wp-block-column is-layout-flow wp-block-column-is-layout-flow\"><style>.kb-image2664_084dc5-c0.kb-image-is-ratio-size, .kb-image2664_084dc5-c0 .kb-image-is-ratio-size{max-width:92px;width:100%;}.wp-block-kadence-column > .kt-inside-inner-col > .kb-image2664_084dc5-c0.kb-image-is-ratio-size, .wp-block-kadence-column > .kt-inside-inner-col > .kb-image2664_084dc5-c0 .kb-image-is-ratio-size{align-self:unset;}.kb-image2664_084dc5-c0 figure{max-width:92px;}.kb-image2664_084dc5-c0 .image-is-svg, .kb-image2664_084dc5-c0 .image-is-svg img{width:100%;}.kb-image2664_084dc5-c0 .kb-image-has-overlay:after{opacity:0.3;}<\/style>\n<div class=\"wp-block-kadence-image kb-image2664_084dc5-c0\"><figure class=\"aligncenter size-full\"><img loading=\"lazy\" decoding=\"async\" width=\"418\" height=\"368\" src=\"https:\/\/www.yuxtaenergy.cr\/wp-content\/uploads\/2023\/10\/home-increase.png\" alt=\"\" class=\"kb-img wp-image-5596\" srcset=\"https:\/\/www.yuxtaenergy.cr\/wp-content\/uploads\/2023\/10\/home-increase.png 418w, https:\/\/www.yuxtaenergy.cr\/wp-content\/uploads\/2023\/10\/home-increase-300x264.png 300w\" sizes=\"(max-width: 418px) 100vw, 418px\" \/><\/figure><\/div>\n\n\n\n<p class=\"has-text-align-center\"><strong>Decreases the carbon footprint<\/strong><\/p>\n<\/div>\n\n\n\n<div class=\"wp-block-column is-layout-flow wp-block-column-is-layout-flow\"><style>.kb-image2664_39c03d-c9.kb-image-is-ratio-size, .kb-image2664_39c03d-c9 .kb-image-is-ratio-size{max-width:92px;width:100%;}.wp-block-kadence-column > .kt-inside-inner-col > .kb-image2664_39c03d-c9.kb-image-is-ratio-size, .wp-block-kadence-column > .kt-inside-inner-col > .kb-image2664_39c03d-c9 .kb-image-is-ratio-size{align-self:unset;}.kb-image2664_39c03d-c9 figure{max-width:92px;}.kb-image2664_39c03d-c9 .image-is-svg, .kb-image2664_39c03d-c9 .image-is-svg img{width:100%;}.kb-image2664_39c03d-c9 .kb-image-has-overlay:after{opacity:0.3;}<\/style>\n<div class=\"wp-block-kadence-image kb-image2664_39c03d-c9\"><figure class=\"aligncenter size-full\"><img loading=\"lazy\" decoding=\"async\" width=\"221\" height=\"193\" src=\"https:\/\/www.yuxtaenergy.cr\/wp-content\/uploads\/2022\/03\/nosotros_icon_ahorro.png\" alt=\"\" class=\"kb-img wp-image-4231\"\/><\/figure><\/div>\n\n\n\n<p class=\"has-text-align-center\"><strong>Reduces your monthly electricity bill by up to 90%<\/strong><\/p>\n<\/div>\n<\/div>\n<\/div><\/div>\n<\/div><\/div>\n\n\n\n<div class=\"wp-block-columns is-layout-flex wp-container-core-columns-is-layout-9d6595d7 wp-block-columns-is-layout-flex\">\n<div class=\"wp-block-column is-layout-flow wp-block-column-is-layout-flow\">\n<center>\n<br>\n<h5>Your company can be a success story in energy saving!<\/h5>\n<br>\n<a href=\"https:\/\/www.yuxtaenergy.cr\/en\/proyectos\/\">Meet the companies that have joined the change<\/a><br>\nBe part of the change and the solar revolution.<br>\nJOIN THE CLEAN ENERGY!<br>\nGet a quote for your Solar Panel system NOW.\n<\/center>\n\n\n\n<h2 class=\"wp-block-heading has-text-align-center\"><strong>COSTA RICA<\/strong><\/h2>\n\n\n\n<p class=\"has-text-align-center\">Phone:&nbsp;<strong>+506 7076 8732<\/strong><br>Info.cr@yuxtaenergy.com<\/p>\n\n\n<div class=\"wp-block-image\">\n<figure class=\"aligncenter size-full is-resized\"><img loading=\"lazy\" decoding=\"async\" src=\"https:\/\/www.yuxtaenergy.cr\/wp-content\/uploads\/2022\/01\/logoYuxta-horizontal.png\" alt=\"\" class=\"wp-image-3299\" style=\"width:193px;height:106px\" width=\"193\" height=\"106\" srcset=\"https:\/\/www.yuxtaenergy.cr\/wp-content\/uploads\/2022\/01\/logoYuxta-horizontal.png 925w, https:\/\/www.yuxtaenergy.cr\/wp-content\/uploads\/2022\/01\/logoYuxta-horizontal-300x165.png 300w, https:\/\/www.yuxtaenergy.cr\/wp-content\/uploads\/2022\/01\/logoYuxta-horizontal-768x423.png 768w\" sizes=\"(max-width: 193px) 100vw, 193px\" \/><\/figure>\n<\/div>\n\n<style>.wp-block-kadence-spacer.kt-block-spacer-2664_a536b6-72 .kt-block-spacer{height:60px;}.wp-block-kadence-spacer.kt-block-spacer-2664_a536b6-72 .kt-divider{border-top-width:1px;height:1px;border-top-color:#eee;width:80%;border-top-style:solid;}<\/style>\n<div class=\"wp-block-kadence-spacer aligncenter kt-block-spacer-2664_a536b6-72\"><div class=\"kt-block-spacer kt-block-spacer-halign-center\"><hr class=\"kt-divider\"\/><\/div><\/div>\n<\/div>\n<\/div>","protected":false},"excerpt":{"rendered":"<p>\u00a1Ayude al medioambiente y ahorre dinero al mismo tiempo! Desde hace 11 a\u00f1os trabajamos con energ\u00eda solar y proyectos de ahorro energ\u00e9tico Cotice su proyecto de manera gratuita. Complete la informaci\u00f3n: Gasto el\u00e9ctrico mensual No seleccionadoMenos de &#162;200.000Entre &#162;200.000 y &#162;1.500.000M&#225;s de &#162;1.500.000Menos de &#162;200.000 ATENCI&#211;N YUXTA \u00bfCu\u00e1les beneficios tendr\u00e1 con un sistema de paneles&#8230;<\/p>","protected":false},"author":1,"featured_media":0,"parent":0,"menu_order":0,"comment_status":"closed","ping_status":"closed","template":"","meta":{"content-type":"","_kadence_starter_templates_imported_post":true,"_kad_post_transparent":"","_kad_post_title":"hide","_kad_post_layout":"fullwidth","_kad_post_sidebar_id":"","_kad_post_content_style":"unboxed","_kad_post_vertical_padding":"hide","_kad_post_feature":"hide","_kad_post_feature_position":"","_kad_post_header":false,"_kad_post_footer":false,"footnotes":""},"class_list":["post-2664","page","type-page","status-publish","hentry"],"featured_image_src_large":false,"author_info":{"display_name":"Yuxta Energy","author_link":"https:\/\/www.yuxtaenergy.cr\/en\/author\/gpow\/"},"comment_info":0,"taxonomy_info":[],"_links":{"self":[{"href":"https:\/\/www.yuxtaenergy.cr\/en\/wp-json\/wp\/v2\/pages\/2664","targetHints":{"allow":["GET"]}}],"collection":[{"href":"https:\/\/www.yuxtaenergy.cr\/en\/wp-json\/wp\/v2\/pages"}],"about":[{"href":"https:\/\/www.yuxtaenergy.cr\/en\/wp-json\/wp\/v2\/types\/page"}],"author":[{"embeddable":true,"href":"https:\/\/www.yuxtaenergy.cr\/en\/wp-json\/wp\/v2\/users\/1"}],"replies":[{"embeddable":true,"href":"https:\/\/www.yuxtaenergy.cr\/en\/wp-json\/wp\/v2\/comments?post=2664"}],"version-history":[{"count":161,"href":"https:\/\/www.yuxtaenergy.cr\/en\/wp-json\/wp\/v2\/pages\/2664\/revisions"}],"predecessor-version":[{"id":5604,"href":"https:\/\/www.yuxtaenergy.cr\/en\/wp-json\/wp\/v2\/pages\/2664\/revisions\/5604"}],"wp:attachment":[{"href":"https:\/\/www.yuxtaenergy.cr\/en\/wp-json\/wp\/v2\/media?parent=2664"}],"curies":[{"name":"wp","href":"https:\/\/api.w.org\/{rel}","templated":true}]}}